{"id":4889,"date":"2021-11-02T22:46:36","date_gmt":"2021-11-03T03:46:36","guid":{"rendered":"http:\/\/peru-numismatica-leonell.com\/tienda\/?post_type=product&#038;p=4889"},"modified":"2024-06-22T18:55:33","modified_gmt":"2024-06-22T23:55:33","slug":"singapur-1-dolares-p-9-aunc-sobre-universal-con-tonificacion-negro-grulla-charran","status":"publish","type":"product","link":"http:\/\/peru-numismatica-leonell.com\/tienda\/producto\/singapur-1-dolares-p-9-aunc-sobre-universal-con-tonificacion-negro-grulla-charran\/","title":{"rendered":"Singapur 1 d\u00f3lares P-9 AUNC sobre universal con tonificaci\u00f3n > > > > > > > Negro-Grulla Charr\u00e1n"},"content":{"rendered":"","protected":false},"excerpt":{"rendered":"","protected":false},"featured_media":4884,"template":"","meta":{"_et_pb_use_builder":"","_et_pb_old_content":"","_et_gb_content_width":""},"product_brand":[],"product_cat":[24,51],"product_tag":[],"class_list":{"0":"post-4889","1":"product","2":"type-product","3":"status-publish","4":"has-post-thumbnail","6":"product_cat-billetes","7":"product_cat-asia","9":"first","10":"instock","11":"shipping-taxable","12":"purchasable","13":"product-type-simple"},"_links":{"self":[{"href":"http:\/\/peru-numismatica-leonell.com\/tienda\/wp-json\/wp\/v2\/product\/4889","targetHints":{"allow":["GET"]}}],"collection":[{"href":"http:\/\/peru-numismatica-leonell.com\/tienda\/wp-json\/wp\/v2\/product"}],"about":[{"href":"http:\/\/peru-numismatica-leonell.com\/tienda\/wp-json\/wp\/v2\/types\/product"}],"wp:featuredmedia":[{"embeddable":true,"href":"http:\/\/peru-numismatica-leonell.com\/tienda\/wp-json\/wp\/v2\/media\/4884"}],"wp:attachment":[{"href":"http:\/\/peru-numismatica-leonell.com\/tienda\/wp-json\/wp\/v2\/media?parent=4889"}],"wp:term":[{"taxonomy":"product_brand","embeddable":true,"href":"http:\/\/peru-numismatica-leonell.com\/tienda\/wp-json\/wp\/v2\/product_brand?post=4889"},{"taxonomy":"product_cat","embeddable":true,"href":"http:\/\/peru-numismatica-leonell.com\/tienda\/wp-json\/wp\/v2\/product_cat?post=4889"},{"taxonomy":"product_tag","embeddable":true,"href":"http:\/\/peru-numismatica-leonell.com\/tienda\/wp-json\/wp\/v2\/product_tag?post=4889"}],"curies":[{"name":"wp","href":"https:\/\/api.w.org\/{rel}","templated":true}]}}