{"id":4229,"date":"2021-02-23T16:17:10","date_gmt":"2021-02-23T21:17:10","guid":{"rendered":"http:\/\/peru-numismatica-leonell.com\/tienda\/?post_type=product&#038;p=4229"},"modified":"2024-03-21T17:04:03","modified_gmt":"2024-03-21T22:04:03","slug":"serie-la-mujer-en-el-proceso-de-independencia-del-peru-consta-de-03-monedas","status":"publish","type":"product","link":"http:\/\/peru-numismatica-leonell.com\/tienda\/producto\/serie-la-mujer-en-el-proceso-de-independencia-del-peru-consta-de-03-monedas\/","title":{"rendered":"serie La Mujer en el Proceso de Independencia del Per\u00fa (consta de 03 monedas)"},"content":{"rendered":"<p>El Banco Central de Reserva del Per\u00fa pone en circulaci\u00f3n, a partir del 30 de diciembre de<br \/>\n2020, la serie numism\u00e1tica denominada \u201cLa Mujer en el Proceso de Independencia del Per\u00fa\u201d<br \/>\nalusivas a las Hero\u00ednas Toledo, Br\u00edgida Silva de Ochoa y Mar\u00eda Parado de Bellido.<br \/>\nEsta serie tiene por finalidad rendir tributo y difundir la imagen e historia de mujeres patriotas<br \/>\nque lucharon de diversas formas e incluso entregaron su vida para lograr la Independencia<br \/>\ndel Per\u00fa, as\u00ed como continuar con la promoci\u00f3n de la cultura numism\u00e1tica en nuestro pa\u00eds.<\/p>\n<p>La serie consta de 03 piezas<\/p>\n","protected":false},"excerpt":{"rendered":"<p>El Banco Central de Reserva del Per\u00fa pone en circulaci\u00f3n la primera moneda de S\/ 1 de<br \/>\nsu nueva serie numism\u00e1tica \u201cConstructores de la Rep\u00fablica &#8211; Bicentenario 1821-2021\u201d,<br \/>\nen el marco de la conmemoraci\u00f3n del Bicentenario de la Independencia del Per\u00fa.<br \/>\nA trav\u00e9s de esta colecci\u00f3n, que consta de 9 monedas, se recordar\u00e1 y rendir\u00e1 homenaje<br \/>\na los personajes que, entre los siglos XVIII y XIX, lucharon con sus ideas o las armas,<br \/>\npor alcanzar la libertad del Per\u00fa.<br \/>\nEsta moneda, que circular\u00e1 a partir del 9 de octubre de 2020, lleva la imagen de Juan<br \/>\nPablo Viscardo y Guzm\u00e1n, quien naci\u00f3 en Pampacolca, Arequipa, en 1748, y falleci\u00f3 en<br \/>\nel exilio en Londres, en 1798. Su aporte a la causa independentista se dio desde el<br \/>\ncampo de las ideas. Su documento m\u00e1s importante es la \u201cCarta a los espa\u00f1oles<br \/>\namericanos\u201d, un escrito con el que se dirigi\u00f3 a toda Am\u00e9rica con un mensaje de libertad<br \/>\ny la promesa de un futuro mejor tras romper con el yugo colonial.<br \/>\nEsta moneda es de curso legal, por lo que puede ser usada en cualquier transacci\u00f3n<br \/>\necon\u00f3mica y circular\u00e1 de forma simult\u00e1nea con las actuales<\/p>\n","protected":false},"featured_media":4211,"template":"","meta":{"_et_pb_use_builder":"","_et_pb_old_content":"","_et_gb_content_width":""},"product_brand":[],"product_cat":[34,54,15],"product_tag":[62],"class_list":{"0":"post-4229","1":"product","2":"type-product","3":"status-publish","4":"has-post-thumbnail","6":"product_cat-peru","7":"product_cat-monedas-peru","8":"product_cat-sin-categorizar","9":"product_tag-peru","11":"first","12":"instock","13":"sold-individually","14":"shipping-taxable","15":"purchasable","16":"product-type-variable","17":"has-default-attributes"},"_links":{"self":[{"href":"http:\/\/peru-numismatica-leonell.com\/tienda\/wp-json\/wp\/v2\/product\/4229","targetHints":{"allow":["GET"]}}],"collection":[{"href":"http:\/\/peru-numismatica-leonell.com\/tienda\/wp-json\/wp\/v2\/product"}],"about":[{"href":"http:\/\/peru-numismatica-leonell.com\/tienda\/wp-json\/wp\/v2\/types\/product"}],"wp:featuredmedia":[{"embeddable":true,"href":"http:\/\/peru-numismatica-leonell.com\/tienda\/wp-json\/wp\/v2\/media\/4211"}],"wp:attachment":[{"href":"http:\/\/peru-numismatica-leonell.com\/tienda\/wp-json\/wp\/v2\/media?parent=4229"}],"wp:term":[{"taxonomy":"product_brand","embeddable":true,"href":"http:\/\/peru-numismatica-leonell.com\/tienda\/wp-json\/wp\/v2\/product_brand?post=4229"},{"taxonomy":"product_cat","embeddable":true,"href":"http:\/\/peru-numismatica-leonell.com\/tienda\/wp-json\/wp\/v2\/product_cat?post=4229"},{"taxonomy":"product_tag","embeddable":true,"href":"http:\/\/peru-numismatica-leonell.com\/tienda\/wp-json\/wp\/v2\/product_tag?post=4229"}],"curies":[{"name":"wp","href":"https:\/\/api.w.org\/{rel}","templated":true}]}}