{"id":3715,"date":"2020-05-15T11:31:00","date_gmt":"2020-05-15T16:31:00","guid":{"rendered":"http:\/\/peru-numismatica-leonell.com\/tienda\/?page_id=3715"},"modified":"2021-09-27T18:27:00","modified_gmt":"2021-09-27T23:27:00","slug":"pasos-para-realizar-una-compra","status":"publish","type":"page","link":"http:\/\/peru-numismatica-leonell.com\/tienda\/pasos-para-realizar-una-compra\/","title":{"rendered":"PASOS PARA REALIZAR UNA COMPRA"},"content":{"rendered":"<p>[et_pb_section fb_built=\u00bb1&#8243; admin_label=\u00bbHero Section\u00bb _builder_version=\u00bb4.4.2&#8243; use_background_color_gradient=\u00bbon\u00bb background_color_gradient_start=\u00bb#2e3857&#8243; background_color_gradient_end=\u00bb#212529&#8243; background_image=\u00bbhttp:\/\/peru-numismatica-leonell.com\/tienda\/wp-content\/uploads\/2020\/04\/FONDITO1.fw_-2.png\u00bb background_size=\u00bbinitial\u00bb background_position=\u00bbbottom_center\u00bb background_repeat=\u00bbrepeat-y\u00bb custom_padding=\u00bb23px|0px|143px|0px||\u00bb][et_pb_row column_structure=\u00bb1_2,1_2&#8243; admin_label=\u00bbAccepts Payment everywhere\u00bb _builder_version=\u00bb3.25&#8243; background_size=\u00bbinitial\u00bb background_position=\u00bbtop_left\u00bb background_repeat=\u00bbrepeat\u00bb custom_padding=\u00bb|||\u00bb][et_pb_column type=\u00bb1_2&#8243; _builder_version=\u00bb3.25&#8243; custom_padding=\u00bb|||\u00bb custom_padding__hover=\u00bb|||\u00bb][et_pb_text _builder_version=\u00bb4.4.2&#8243; text_font=\u00bbPT Sans||||||||\u00bb text_text_color=\u00bbrgba(255,255,255,0.7)\u00bb text_font_size=\u00bb18px\u00bb text_line_height=\u00bb1.8em\u00bb header_font=\u00bbPoppins|500|||||||\u00bb header_font_size=\u00bb44px\u00bb header_line_height=\u00bb1.3em\u00bb header_2_font=\u00bb||||||||\u00bb header_3_font=\u00bb||||||||\u00bb header_4_font=\u00bb||||||||\u00bb background_layout=\u00bbdark\u00bb]<\/p>\n<h1>Preparando una compra\u00a0 \u00a0<\/h1>\n<p>Es muy simple como cualquier tienda virtual, para ello de damos algunos consejos y un archivo PDF si lo requiere.<\/p>\n<p>[\/et_pb_text][et_pb_button button_text=\u00bbVAMOS A APRENDER JUNTOS\u00bb _builder_version=\u00bb4.4.2&#8243; custom_button=\u00bbon\u00bb button_text_size=\u00bb16px\u00bb button_text_color=\u00bb#ffffff\u00bb button_bg_color=\u00bb#4daaf2&#8243; button_border_color=\u00bb#4daaf2&#8243; button_border_radius=\u00bb100px\u00bb button_font=\u00bbPT Sans|700|||||||\u00bb button_use_icon=\u00bboff\u00bb custom_margin=\u00bb|||\u00bb custom_padding=\u00bb10px|30px|10px|30px\u00bb box_shadow_style=\u00bbpreset3&#8243; box_shadow_vertical=\u00bb8px\u00bb box_shadow_blur=\u00bb35px\u00bb box_shadow_color=\u00bbrgba(77,170,242,0.36)\u00bb button_text_size__hover_enabled=\u00bboff\u00bb button_one_text_size__hover_enabled=\u00bboff\u00bb button_two_text_size__hover_enabled=\u00bboff\u00bb button_text_color__hover_enabled=\u00bboff\u00bb button_one_text_color__hover_enabled=\u00bboff\u00bb button_two_text_color__hover_enabled=\u00bboff\u00bb button_border_width__hover_enabled=\u00bboff\u00bb button_one_border_width__hover_enabled=\u00bboff\u00bb button_two_border_width__hover_enabled=\u00bboff\u00bb button_border_color__hover_enabled=\u00bboff\u00bb button_one_border_color__hover_enabled=\u00bboff\u00bb button_two_border_color__hover_enabled=\u00bboff\u00bb button_border_radius__hover_enabled=\u00bboff\u00bb button_one_border_radius__hover_enabled=\u00bboff\u00bb button_two_border_radius__hover_enabled=\u00bboff\u00bb button_letter_spacing__hover_enabled=\u00bboff\u00bb button_one_letter_spacing__hover_enabled=\u00bboff\u00bb button_two_letter_spacing__hover_enabled=\u00bboff\u00bb button_bg_color__hover_enabled=\u00bboff\u00bb button_one_bg_color__hover_enabled=\u00bboff\u00bb button_two_bg_color__hover_enabled=\u00bboff\u00bb][\/et_pb_button][\/et_pb_column][et_pb_column type=\u00bb1_2&#8243; _builder_version=\u00bb3.25&#8243; background_blend=\u00bboverlay\u00bb custom_padding=\u00bb|||\u00bb custom_padding__hover=\u00bb|||\u00bb][et_pb_image src=\u00bbhttp:\/\/peru-numismatica-leonell.com\/tienda\/wp-content\/uploads\/2020\/04\/MANO.fw_.png\u00bb align=\u00bbcenter\u00bb force_fullwidth=\u00bbon\u00bb _builder_version=\u00bb4.4.2&#8243; module_alignment=\u00bbleft\u00bb animation_style=\u00bbslide\u00bb animation_direction=\u00bbtop\u00bb animation_intensity_slide=\u00bb10%\u00bb always_center_on_mobile=\u00bboff\u00bb][\/et_pb_image][\/et_pb_column][\/et_pb_row][\/et_pb_section][et_pb_section fb_built=\u00bb1&#8243; prev_background_color=\u00bb#ffffff\u00bb admin_label=\u00bbOur Services\u00bb _builder_version=\u00bb4.4.2&#8243; background_color=\u00bb#707070&#8243; min_height=\u00bb2582px\u00bb custom_margin=\u00bb||-534px|||\u00bb custom_padding=\u00bb100px|0px|0px|0px||\u00bb top_divider_style=\u00bbarrow2&#8243;][et_pb_row column_structure=\u00bb2_3,1_3&#8243; admin_label=\u00bbNew standard of payments\u00bb _builder_version=\u00bb3.25&#8243;][et_pb_column type=\u00bb2_3&#8243; _builder_version=\u00bb3.25&#8243; custom_padding=\u00bb|||\u00bb custom_padding__hover=\u00bb|||\u00bb][et_pb_text _builder_version=\u00bb4.4.2&#8243; text_font=\u00bbPT Sans||||||||\u00bb text_text_color=\u00bbrgba(255,255,255,0.7)\u00bb text_font_size=\u00bb18px\u00bb text_line_height=\u00bb1.8em\u00bb header_font=\u00bb||||||||\u00bb header_2_font=\u00bbPoppins|500|||||||\u00bb header_2_text_color=\u00bb#ffffff\u00bb header_2_font_size=\u00bb38px\u00bb header_2_line_height=\u00bb1.3em\u00bb header_3_font=\u00bb||||||||\u00bb header_4_font=\u00bb||||||||\u00bb custom_padding=\u00bb|0px|0px|||\u00bb]<\/p>\n<h2>PASOS A SEGUIR&#8230;.<\/h2>\n<p>&nbsp;<\/p>\n<p>[\/et_pb_text][\/et_pb_column][et_pb_column type=\u00bb1_3&#8243; _builder_version=\u00bb3.25&#8243; custom_padding=\u00bb|||\u00bb custom_padding__hover=\u00bb|||\u00bb][\/et_pb_column][\/et_pb_row][et_pb_row column_structure=\u00bb1_3,1_3,1_3&#8243; use_custom_gutter=\u00bbon\u00bb gutter_width=\u00bb2&#8243; make_equal=\u00bbon\u00bb _builder_version=\u00bb4.4.2&#8243; custom_margin=\u00bb-5px||||false|false\u00bb border_color_all=\u00bb#e02b20&#8243; border_style_all=\u00bbdotted\u00bb][et_pb_column type=\u00bb1_3&#8243; _builder_version=\u00bb4.4.2&#8243; background_color=\u00bb#474747&#8243; custom_padding=\u00bb30px|30px|30px|30px\u00bb custom_padding__hover=\u00bb|||\u00bb][et_pb_blurb title=\u00bbSELECCIONES LOS PRODUCTOS\u00bb image=\u00bbhttp:\/\/peru-numismatica-leonell.com\/tienda\/wp-content\/uploads\/2020\/04\/nutrition-icon-small-2.png\u00bb content_max_width=\u00bb284px\u00bb _builder_version=\u00bb4.4.2&#8243; header_font=\u00bbPT Sans|700|||||||\u00bb header_line_height=\u00bb25px\u00bb body_font=\u00bbPT Sans||||||||\u00bb body_text_color=\u00bbrgba(255,255,255,0.7)\u00bb body_font_size=\u00bb16px\u00bb body_line_height=\u00bb1.8em\u00bb background_color=\u00bbrgba(0,0,0,0)\u00bb text_orientation=\u00bbcenter\u00bb background_layout=\u00bbdark\u00bb custom_margin=\u00bb|||\u00bb custom_padding=\u00bb|||\u00bb animation_style=\u00bbslide\u00bb animation_direction=\u00bbbottom\u00bb animation_intensity_slide=\u00bb10%\u00bb animation=\u00bboff\u00bb]<\/p>\n<ul>\n<li>Puede recorrer la tienda y aquellos productos que le interesan los va\u00a0 agregando al carrito.<\/li>\n<li>Puede hacer esto las veces que desee, los productos se van almacenando en su carrito, cuando ya se decidi\u00f3 cerrar la compra entonces debe ir\u00a0 VER EL CARRITO.<\/li>\n<li>clic en la im\u00e1gen para verlo mejor<\/li>\n<\/ul>\n<p>[\/et_pb_blurb][et_pb_image src=\u00bbhttp:\/\/peru-numismatica-leonell.com\/tienda\/wp-content\/uploads\/2020\/05\/tienda-paso-1.png\u00bb show_in_lightbox=\u00bbon\u00bb _builder_version=\u00bb4.4.2&#8243; transform_origin=\u00bb216%|186%\u00bb][\/et_pb_image][\/et_pb_column][et_pb_column type=\u00bb1_3&#8243; _builder_version=\u00bb4.4.2&#8243; background_color=\u00bb#474747&#8243; custom_padding=\u00bb30px|30px|30px|30px\u00bb custom_padding__hover=\u00bb|||\u00bb][et_pb_blurb title=\u00bbREVISION DEL CARRITO\u00bb image=\u00bbhttp:\/\/peru-numismatica-leonell.com\/tienda\/wp-content\/uploads\/2020\/04\/nutrition-icon-small-2.png\u00bb content_max_width=\u00bb284px\u00bb _builder_version=\u00bb4.4.2&#8243; header_font=\u00bbPT Sans|700|||||||\u00bb header_line_height=\u00bb25px\u00bb body_font=\u00bbPT Sans||||||||\u00bb body_text_color=\u00bbrgba(255,255,255,0.7)\u00bb body_font_size=\u00bb16px\u00bb body_line_height=\u00bb1.8em\u00bb background_color=\u00bbrgba(0,0,0,0)\u00bb text_orientation=\u00bbcenter\u00bb background_layout=\u00bbdark\u00bb custom_margin=\u00bb|||\u00bb custom_padding=\u00bb|||\u00bb animation_style=\u00bbslide\u00bb animation_direction=\u00bbbottom\u00bb animation_intensity_slide=\u00bb10%\u00bb animation=\u00bboff\u00bb]<\/p>\n<ul>\n<li>\u00a0Estando en la secci\u00f3n del CARRITO, podr\u00e1 ver todos sus productos seleccionados en ese momento puede cambiar la cantidad que desee, al final, puede ver los precios de la orden,<\/li>\n<li>Figura por defecto para toda compra el importe de S\/. 10 como costo de envio el cual es v\u00e1lido s\u00f3lo para provincias (el env\u00edo es por agencia de transportes)<\/li>\n<li>Para ver el estado final siempre dele clic a ACTUALIZAR CARRITO<\/li>\n<li><span style=\"font-size: 16px;\">Clic en la im\u00e1gen para verlo mejor<\/span><\/li>\n<\/ul>\n<p>[\/et_pb_blurb][et_pb_image src=\u00bbhttp:\/\/peru-numismatica-leonell.com\/tienda\/wp-content\/uploads\/2020\/05\/tienda-paso2.png\u00bb show_in_lightbox=\u00bbon\u00bb _builder_version=\u00bb4.4.2&#8243;][\/et_pb_image][\/et_pb_column][et_pb_column type=\u00bb1_3&#8243; _builder_version=\u00bb4.4.2&#8243; background_color=\u00bb#474747&#8243; custom_padding=\u00bb30px|30px|30px|30px\u00bb custom_padding__hover=\u00bb|||\u00bb][et_pb_blurb title=\u00bbFINALIZANDO EL CARRITO\u00bb image=\u00bbhttp:\/\/peru-numismatica-leonell.com\/tienda\/wp-content\/uploads\/2020\/04\/nutrition-icon-small-2.png\u00bb content_max_width=\u00bb284px\u00bb _builder_version=\u00bb4.4.2&#8243; header_font=\u00bbPT Sans|700|||||||\u00bb header_line_height=\u00bb25px\u00bb body_font=\u00bbPT Sans||||||||\u00bb body_text_color=\u00bbrgba(255,255,255,0.7)\u00bb body_font_size=\u00bb16px\u00bb body_line_height=\u00bb1.8em\u00bb background_color=\u00bbrgba(0,0,0,0)\u00bb text_orientation=\u00bbcenter\u00bb background_layout=\u00bbdark\u00bb custom_margin=\u00bb|||\u00bb custom_padding=\u00bb|||\u00bb animation_style=\u00bbslide\u00bb animation_direction=\u00bbbottom\u00bb animation_intensity_slide=\u00bb10%\u00bb animation=\u00bboff\u00bb]<\/p>\n<ul>\n<li>\u00a0Una vez finalizada la revisi\u00f3n de productos y la cantidad a comprar, despu\u00e9s de ACTUALIZAR EL CARRITO<\/li>\n<li>Luego de confirmar que es total requerido dar clic a FINALIZAR EL CARRITO para pasar a la orden de compra<\/li>\n<li><span style=\"font-size: 16px;\">Clic en la im\u00e1gen para verlo mejor<\/span><\/li>\n<\/ul>\n<p>[\/et_pb_blurb][et_pb_image src=\u00bbhttp:\/\/peru-numismatica-leonell.com\/tienda\/wp-content\/uploads\/2020\/05\/tienda-paso-3.png\u00bb show_in_lightbox=\u00bbon\u00bb _builder_version=\u00bb4.4.2&#8243;][\/et_pb_image][\/et_pb_column][\/et_pb_row][et_pb_row column_structure=\u00bb1_3,1_3,1_3&#8243; use_custom_gutter=\u00bbon\u00bb gutter_width=\u00bb2&#8243; make_equal=\u00bbon\u00bb _builder_version=\u00bb4.4.2&#8243;][et_pb_column type=\u00bb1_3&#8243; _builder_version=\u00bb4.4.2&#8243; background_color=\u00bb#474747&#8243; custom_padding=\u00bb30px|30px|30px|30px\u00bb custom_padding__hover=\u00bb|||\u00bb][et_pb_blurb title=\u00bbLLENANDO EL FORMULARIO DEL PEDIDO\u00bb image=\u00bbhttp:\/\/peru-numismatica-leonell.com\/tienda\/wp-content\/uploads\/2020\/04\/nutrition-icon-small-2.png\u00bb content_max_width=\u00bb284px\u00bb _builder_version=\u00bb4.4.2&#8243; header_font=\u00bbPT Sans|700|||||||\u00bb header_line_height=\u00bb25px\u00bb body_font=\u00bbPT Sans||||||||\u00bb body_text_color=\u00bbrgba(255,255,255,0.7)\u00bb body_font_size=\u00bb16px\u00bb body_line_height=\u00bb1.8em\u00bb background_color=\u00bbrgba(0,0,0,0)\u00bb text_orientation=\u00bbcenter\u00bb background_layout=\u00bbdark\u00bb custom_margin=\u00bb|||\u00bb custom_padding=\u00bb|||\u00bb animation_style=\u00bbslide\u00bb animation_direction=\u00bbbottom\u00bb animation_intensity_slide=\u00bb10%\u00bb animation=\u00bboff\u00bb locked=\u00bboff\u00bb]<\/p>\n<ul>\n<li><span style=\"font-size: 16px;\">Ya en esta pantalla, deber\u00e1 llenar los campos b\u00e1sicos que nos sirvan para comunicarnos.\u00a0 (tel\u00e9fono, email)<\/span><\/li>\n<li><span style=\"font-size: 16px;\">En los que crea innecesario puede colocar \u00abXXXX\u00bb<\/span><\/li>\n<li><span style=\"font-size: 16px;\">clic en la im\u00e1gen para verlo mejor<\/span><\/li>\n<\/ul>\n<p>[\/et_pb_blurb][et_pb_image src=\u00bbhttp:\/\/peru-numismatica-leonell.com\/tienda\/wp-content\/uploads\/2020\/05\/tienda-datos-personales.jpg\u00bb show_in_lightbox=\u00bbon\u00bb _builder_version=\u00bb4.4.2&#8243;][\/et_pb_image][\/et_pb_column][et_pb_column type=\u00bb1_3&#8243; _builder_version=\u00bb4.4.2&#8243; background_color=\u00bb#474747&#8243; custom_padding=\u00bb30px|30px|30px|30px\u00bb custom_padding__hover=\u00bb|||\u00bb][et_pb_blurb title=\u00bbFINALIZA EL PEDIDO\u00bb image=\u00bbhttp:\/\/peru-numismatica-leonell.com\/tienda\/wp-content\/uploads\/2020\/04\/nutrition-icon-small-2.png\u00bb content_max_width=\u00bb284px\u00bb _builder_version=\u00bb4.4.2&#8243; header_font=\u00bbPT Sans|700|||||||\u00bb header_line_height=\u00bb25px\u00bb body_font=\u00bbPT Sans||||||||\u00bb body_text_color=\u00bbrgba(255,255,255,0.7)\u00bb body_font_size=\u00bb16px\u00bb body_line_height=\u00bb1.8em\u00bb background_color=\u00bbrgba(0,0,0,0)\u00bb text_orientation=\u00bbcenter\u00bb background_layout=\u00bbdark\u00bb custom_margin=\u00bb|||\u00bb custom_padding=\u00bb|||\u00bb animation_style=\u00bbslide\u00bb animation_direction=\u00bbbottom\u00bb animation_intensity_slide=\u00bb10%\u00bb animation=\u00bboff\u00bb locked=\u00bboff\u00bb]<\/p>\n<ul>\n<li>Una vez que halla llenado todos los campos obligaotorios, le da clic a FINALIZAR EL PEDIDO<\/li>\n<li>Ud. recibir\u00e1 un correo con lo cual indica que su pedido ser\u00e1 atendido<\/li>\n<li>clic en la im\u00e1gen para verlo mejor<\/li>\n<\/ul>\n<p>[\/et_pb_blurb][et_pb_image src=\u00bbhttp:\/\/peru-numismatica-leonell.com\/tienda\/wp-content\/uploads\/2020\/05\/tienda-finalizar-peiddo-pago.jpg\u00bb show_in_lightbox=\u00bbon\u00bb _builder_version=\u00bb4.4.2&#8243;][\/et_pb_image][\/et_pb_column][et_pb_column type=\u00bb1_3&#8243; _builder_version=\u00bb4.4.2&#8243; background_color=\u00bb#474747&#8243; custom_padding=\u00bb30px|30px|30px|30px\u00bb custom_padding__hover=\u00bb|||\u00bb][et_pb_blurb title=\u00bbCOORDINACIONES\u00bb image=\u00bbhttp:\/\/peru-numismatica-leonell.com\/tienda\/wp-content\/uploads\/2020\/04\/nutrition-icon-small-2.png\u00bb content_max_width=\u00bb284px\u00bb _builder_version=\u00bb4.4.2&#8243; header_font=\u00bbPT Sans|700|||||||\u00bb header_line_height=\u00bb25px\u00bb body_font=\u00bbPT Sans||||||||\u00bb body_text_color=\u00bbrgba(255,255,255,0.7)\u00bb body_font_size=\u00bb16px\u00bb body_line_height=\u00bb1.8em\u00bb background_color=\u00bbrgba(0,0,0,0)\u00bb text_orientation=\u00bbcenter\u00bb background_layout=\u00bbdark\u00bb custom_margin=\u00bb|||\u00bb custom_padding=\u00bb|||\u00bb animation_style=\u00bbslide\u00bb animation_direction=\u00bbbottom\u00bb animation_intensity_slide=\u00bb10%\u00bb animation=\u00bboff\u00bb locked=\u00bboff\u00bb]<\/p>\n<ul>\n<li>El sistema advierte al area de ventas que hay un pedido, se pondr\u00e1 en contacto con Ud. para CONFIRMAR el PEDIDO y realizar las coordinaciones de envio y pago<\/li>\n<li>Recuerde que el pago es \u00fanico por cada envio, se obviar\u00e1 el importe que aparece en cada pedido de hacer varios al mismo tiempo<\/li>\n<li>El pago se puede realizar por cuenta bancaria o contra entrega cuando es en LIMA. (por defecto siempre aparece CONTRAREEMBOLSO)<\/li>\n<li>El envio a provincias es por medio de una Agencia de Transportes \/Cruz del Sur, Movil, etc.)\u00a0 \u00a0GRACIAS<\/li>\n<li><\/li>\n<\/ul>\n<p>[\/et_pb_blurb][et_pb_button button_url=\u00bbhttp:\/\/www.peru-numismatica-leonell.com\/imagenes\/pasos%20para%20hacer%20un%20pedido%20en%20a%20tienda%20virtual.pdf\u00bb url_new_window=\u00bbon\u00bb button_text=\u00bbPara ver en PDF\u00bb _builder_version=\u00bb4.4.2&#8243; background_layout=\u00bbdark\u00bb][\/et_pb_button][\/et_pb_column][\/et_pb_row][et_pb_row _builder_version=\u00bb4.4.2&#8243;][et_pb_column type=\u00bb4_4&#8243; _builder_version=\u00bb4.4.2&#8243;][et_pb_button button_url=\u00bb@ET-DC@eyJkeW5hbWljIjp0cnVlLCJjb250ZW50IjoicG9zdF9saW5rX3VybF9wYWdlIiwic2V0dGluZ3MiOnsicG9zdF9pZCI6IjExMjQifX0=@\u00bb button_text=\u00bbVAMOS A LA TIENDA\u00bb button_alignment=\u00bbcenter\u00bb _builder_version=\u00bb4.4.2&#8243; _dynamic_attributes=\u00bbbutton_url\u00bb custom_button=\u00bbon\u00bb button_text_size=\u00bb27px\u00bb button_text_color=\u00bb#ffffff\u00bb button_bg_color=\u00bb#000000&#8243; button_border_width=\u00bb2px\u00bb button_border_color=\u00bb#e02b20&#8243; button_border_radius=\u00bb30px\u00bb button_font=\u00bbAbel||||||||\u00bb button_icon=\u00bb%%36%%\u00bb button_text_shadow_style=\u00bbpreset4&#8243; box_shadow_style=\u00bbpreset4&#8243;][\/et_pb_button][\/et_pb_column][\/et_pb_row][\/et_pb_section]<\/p>\n","protected":false},"excerpt":{"rendered":"<p>Preparando una compra\u00a0 \u00a0 Es muy simple como cualquier tienda virtual, para ello de damos algunos consejos y un archivo PDF si lo requiere.PASOS A SEGUIR&#8230;. &nbsp; Puede recorrer la tienda y aquellos productos que le interesan los va\u00a0 agregando al carrito. Puede hacer esto las veces que desee, los productos se van almacenando en [&hellip;]<\/p>\n","protected":false},"author":1,"featured_media":0,"parent":0,"menu_order":0,"comment_status":"closed","ping_status":"closed","template":"","meta":{"_et_pb_use_builder":"on","_et_pb_old_content":"","_et_gb_content_width":"","footnotes":""},"class_list":["post-3715","page","type-page","status-publish","hentry"],"_links":{"self":[{"href":"http:\/\/peru-numismatica-leonell.com\/tienda\/wp-json\/wp\/v2\/pages\/3715","targetHints":{"allow":["GET"]}}],"collection":[{"href":"http:\/\/peru-numismatica-leonell.com\/tienda\/wp-json\/wp\/v2\/pages"}],"about":[{"href":"http:\/\/peru-numismatica-leonell.com\/tienda\/wp-json\/wp\/v2\/types\/page"}],"author":[{"embeddable":true,"href":"http:\/\/peru-numismatica-leonell.com\/tienda\/wp-json\/wp\/v2\/users\/1"}],"replies":[{"embeddable":true,"href":"http:\/\/peru-numismatica-leonell.com\/tienda\/wp-json\/wp\/v2\/comments?post=3715"}],"version-history":[{"count":19,"href":"http:\/\/peru-numismatica-leonell.com\/tienda\/wp-json\/wp\/v2\/pages\/3715\/revisions"}],"predecessor-version":[{"id":4744,"href":"http:\/\/peru-numismatica-leonell.com\/tienda\/wp-json\/wp\/v2\/pages\/3715\/revisions\/4744"}],"wp:attachment":[{"href":"http:\/\/peru-numismatica-leonell.com\/tienda\/wp-json\/wp\/v2\/media?parent=3715"}],"curies":[{"name":"wp","href":"https:\/\/api.w.org\/{rel}","templated":true}]}}